{"id":982,"date":"2023-12-20T21:20:27","date_gmt":"2023-12-20T21:20:27","guid":{"rendered":"https:\/\/blissful-nobel.212-227-197-249.plesk.page\/?page_id=982"},"modified":"2024-01-09T21:27:07","modified_gmt":"2024-01-09T21:27:07","slug":"pro-experience","status":"publish","type":"page","link":"https:\/\/blissful-nobel.212-227-197-249.plesk.page\/index.php\/pro-experience\/","title":{"rendered":"Nos Offres"},"content":{"rendered":"\t\t<div data-elementor-type=\"wp-page\" data-elementor-id=\"982\" class=\"elementor elementor-982\" data-elementor-post-type=\"page\">\n\t\t\t\t\t\t<section class=\"elementor-section elementor-top-section elementor-element elementor-element-bfk8gnt elementor-section-boxed elementor-section-height-default elementor-section-height-default\" data-id=\"bfk8gnt\" data-element_type=\"section\" data-e-type=\"section\" data-settings=\"{&quot;background_background&quot;:&quot;classic&quot;,&quot;shape_divider_bottom&quot;:&quot;curve&quot;,&quot;shape_divider_bottom_negative&quot;:&quot;yes&quot;}\">\n\t\t\t\t\t\t\t<div class=\"elementor-background-overlay\"><\/div>\n\t\t\t\t\t\t<div class=\"elementor-shape elementor-shape-bottom\" aria-hidden=\"true\" data-negative=\"true\">\n\t\t\t<svg xmlns=\"http:\/\/www.w3.org\/2000\/svg\" viewBox=\"0 0 1000 100\" preserveAspectRatio=\"none\">\n\t<path class=\"elementor-shape-fill\" d=\"M500,97C126.7,96.3,0.8,19.8,0,0v100l1000,0V1C1000,19.4,873.3,97.8,500,97z\"\/>\n<\/svg>\t\t<\/div>\n\t\t\t\t\t<div class=\"elementor-container elementor-column-gap-default\">\n\t\t\t\t\t<div class=\"elementor-column elementor-col-100 elementor-top-column elementor-element elementor-element-2005caa\" data-id=\"2005caa\" data-element_type=\"column\" data-e-type=\"column\">\n\t\t\t<div class=\"elementor-widget-wrap elementor-element-populated\">\n\t\t\t\t\t\t<div class=\"elementor-element elementor-element-36e2fa5 elementor-widget elementor-widget-image\" data-id=\"36e2fa5\" data-element_type=\"widget\" data-e-type=\"widget\" data-widget_type=\"image.default\">\n\t\t\t\t<div class=\"elementor-widget-container\">\n\t\t\t\t\t\t\t\t\t\t\t\t\t\t\t<img fetchpriority=\"high\" decoding=\"async\" width=\"762\" height=\"254\" src=\"https:\/\/blissful-nobel.212-227-197-249.plesk.page\/wp-content\/uploads\/2023\/12\/c40b72ed-7b78-4011-b1e2-26715d02187d.png\" class=\"attachment-large size-large wp-image-1401\" alt=\"\" srcset=\"https:\/\/blissful-nobel.212-227-197-249.plesk.page\/wp-content\/uploads\/2023\/12\/c40b72ed-7b78-4011-b1e2-26715d02187d.png 762w, https:\/\/blissful-nobel.212-227-197-249.plesk.page\/wp-content\/uploads\/2023\/12\/c40b72ed-7b78-4011-b1e2-26715d02187d-300x100.png 300w, https:\/\/blissful-nobel.212-227-197-249.plesk.page\/wp-content\/uploads\/2023\/12\/c40b72ed-7b78-4011-b1e2-26715d02187d-600x200.png 600w\" sizes=\"(max-width: 762px) 100vw, 762px\" \/>\t\t\t\t\t\t\t\t\t\t\t\t\t\t\t<\/div>\n\t\t\t\t<\/div>\n\t\t\t\t<section class=\"elementor-section elementor-inner-section elementor-element elementor-element-aa7e7d9 elementor-section-boxed elementor-section-height-default elementor-section-height-default\" data-id=\"aa7e7d9\" data-element_type=\"section\" data-e-type=\"section\">\n\t\t\t\t\t\t<div class=\"elementor-container elementor-column-gap-default\">\n\t\t\t\t\t<div class=\"elementor-column elementor-col-50 elementor-inner-column elementor-element elementor-element-4580495\" data-id=\"4580495\" data-element_type=\"column\" data-e-type=\"column\">\n\t\t\t<div class=\"elementor-widget-wrap elementor-element-populated\">\n\t\t\t\t\t\t<div class=\"elementor-element elementor-element-577aeb4 elementor-mobile-align-center elementor-align-right elementor-widget elementor-widget-button\" data-id=\"577aeb4\" data-element_type=\"widget\" data-e-type=\"widget\" data-widget_type=\"button.default\">\n\t\t\t\t<div class=\"elementor-widget-container\">\n\t\t\t\t\t\t\t\t\t<div class=\"elementor-button-wrapper\">\n\t\t\t\t\t<a class=\"elementor-button elementor-button-link elementor-size-sm\" href=\"#starter\">\n\t\t\t\t\t\t<span class=\"elementor-button-content-wrapper\">\n\t\t\t\t\t\t\t\t\t<span class=\"elementor-button-text\">Starter PACK<\/span>\n\t\t\t\t\t<\/span>\n\t\t\t\t\t<\/a>\n\t\t\t\t<\/div>\n\t\t\t\t\t\t\t\t<\/div>\n\t\t\t\t<\/div>\n\t\t\t\t\t<\/div>\n\t\t<\/div>\n\t\t\t\t<div class=\"elementor-column elementor-col-50 elementor-inner-column elementor-element elementor-element-ccf50d6\" data-id=\"ccf50d6\" data-element_type=\"column\" data-e-type=\"column\">\n\t\t\t<div class=\"elementor-widget-wrap elementor-element-populated\">\n\t\t\t\t\t\t<div class=\"elementor-element elementor-element-3904c5a elementor-mobile-align-center elementor-align-left elementor-widget elementor-widget-button\" data-id=\"3904c5a\" data-element_type=\"widget\" data-e-type=\"widget\" data-widget_type=\"button.default\">\n\t\t\t\t<div class=\"elementor-widget-container\">\n\t\t\t\t\t\t\t\t\t<div class=\"elementor-button-wrapper\">\n\t\t\t\t\t<a class=\"elementor-button elementor-button-link elementor-size-md\" href=\"#vip\">\n\t\t\t\t\t\t<span class=\"elementor-button-content-wrapper\">\n\t\t\t\t\t\t\t\t\t<span class=\"elementor-button-text\">VIP PACK<\/span>\n\t\t\t\t\t<\/span>\n\t\t\t\t\t<\/a>\n\t\t\t\t<\/div>\n\t\t\t\t\t\t\t\t<\/div>\n\t\t\t\t<\/div>\n\t\t\t\t\t<\/div>\n\t\t<\/div>\n\t\t\t\t\t<\/div>\n\t\t<\/section>\n\t\t\t\t\t<\/div>\n\t\t<\/div>\n\t\t\t\t\t<\/div>\n\t\t<\/section>\n\t\t<div class=\"elementor-element elementor-element-6c7740a5 e-flex e-con-boxed e-con e-parent\" data-id=\"6c7740a5\" data-element_type=\"container\" data-e-type=\"container\" id=\"rates\">\n\t\t\t\t\t<div class=\"e-con-inner\">\n\t\t<div class=\"elementor-element elementor-element-64b097e3 e-con-full e-flex e-con e-child\" data-id=\"64b097e3\" data-element_type=\"container\" data-e-type=\"container\">\n\t\t\t\t<div class=\"elementor-element elementor-element-4428e2cf elementor-widget elementor-widget-heading\" data-id=\"4428e2cf\" data-element_type=\"widget\" data-e-type=\"widget\" data-widget_type=\"heading.default\">\n\t\t\t\t<div class=\"elementor-widget-container\">\n\t\t\t\t\t<h2 class=\"elementor-heading-title elementor-size-default\">Nos Offres<\/h2>\t\t\t\t<\/div>\n\t\t\t\t<\/div>\n\t\t\t\t<div class=\"elementor-element elementor-element-5abc32d6 elementor-widget-divider--view-line elementor-widget elementor-widget-divider\" data-id=\"5abc32d6\" data-element_type=\"widget\" data-e-type=\"widget\" data-widget_type=\"divider.default\">\n\t\t\t\t<div class=\"elementor-widget-container\">\n\t\t\t\t\t\t\t<div class=\"elementor-divider\">\n\t\t\t<span class=\"elementor-divider-separator\">\n\t\t\t\t\t\t<\/span>\n\t\t<\/div>\n\t\t\t\t\t\t<\/div>\n\t\t\t\t<\/div>\n\t\t\t\t<div class=\"elementor-element elementor-element-3e9059db elementor-widget elementor-widget-text-editor\" data-id=\"3e9059db\" data-element_type=\"widget\" data-e-type=\"widget\" data-widget_type=\"text-editor.default\">\n\t\t\t\t<div class=\"elementor-widget-container\">\n\t\t\t\t\t\t\t\t\t<p>Nous proposons deux offres distinctes chez PRO EXP\u00c9RIENCE, garantissant plus de flexibilit\u00e9 pour r\u00e9pondre au mieux \u00e0 vos besoins sp\u00e9cifiques.<\/p>\t\t\t\t\t\t\t\t<\/div>\n\t\t\t\t<\/div>\n\t\t<div class=\"elementor-element elementor-element-7996841a e-con-full e-flex e-con e-child\" data-id=\"7996841a\" data-element_type=\"container\" data-e-type=\"container\">\n\t\t<div class=\"elementor-element elementor-element-69d6fc82 e-con-full e-flex e-con e-child\" data-id=\"69d6fc82\" data-element_type=\"container\" data-e-type=\"container\" id=\"starter\" data-settings=\"{&quot;background_background&quot;:&quot;classic&quot;}\">\n\t\t\t\t<div class=\"elementor-element elementor-element-30856d02 elementor-widget elementor-widget-heading\" data-id=\"30856d02\" data-element_type=\"widget\" data-e-type=\"widget\" data-widget_type=\"heading.default\">\n\t\t\t\t<div class=\"elementor-widget-container\">\n\t\t\t\t\t<h3 class=\"elementor-heading-title elementor-size-default\">STARTER PACK<\/h3>\t\t\t\t<\/div>\n\t\t\t\t<\/div>\n\t\t\t\t<div class=\"elementor-element elementor-element-445427ba elementor-widget elementor-widget-heading\" data-id=\"445427ba\" data-element_type=\"widget\" data-e-type=\"widget\" data-widget_type=\"heading.default\">\n\t\t\t\t<div class=\"elementor-widget-container\">\n\t\t\t\t\t<h6 class=\"elementor-heading-title elementor-size-default\">L'offre standard est parfaite pour ceux qui recherchent une exp\u00e9rience professionnelle. Elle inclut :<\/h6>\t\t\t\t<\/div>\n\t\t\t\t<\/div>\n\t\t\t\t<div class=\"elementor-element elementor-element-9737d6f elementor-widget elementor-widget-text-editor\" data-id=\"9737d6f\" data-element_type=\"widget\" data-e-type=\"widget\" data-widget_type=\"text-editor.default\">\n\t\t\t\t<div class=\"elementor-widget-container\">\n\t\t\t\t\t\t\t\t\t<p><img decoding=\"async\" class=\"emoji\" role=\"img\" draggable=\"false\" src=\"https:\/\/s.w.org\/images\/core\/emoji\/14.0.0\/svg\/2705.svg\" alt=\"\u2705\" \/><strong> H\u00e9bergement dans nos Villas :<\/strong>\u00a0<br \/>Salle de sport, piscine, et billard.<\/p><p><img decoding=\"async\" class=\"emoji\" role=\"img\" draggable=\"false\" src=\"https:\/\/s.w.org\/images\/core\/emoji\/14.0.0\/svg\/2705.svg\" alt=\"\u2705\" \/> <strong>Petit D\u00e9jeuner Quotidien:<\/strong>\u00a0<br \/>petit d\u00e9jeuner \u00e9quilibr\u00e9 et sain, con\u00e7u par un expert en nutrition.<\/p><p><img decoding=\"async\" class=\"emoji\" role=\"img\" draggable=\"false\" src=\"https:\/\/s.w.org\/images\/core\/emoji\/14.0.0\/svg\/2705.svg\" alt=\"\u2705\" \/> <strong>1 s\u00e9ance de Massage pour la Relaxation et la R\u00e9cup\u00e9ration Musculaire:<\/strong><br \/>Massages professionnels, parfaits pour une relaxation compl\u00e8te et une r\u00e9cup\u00e9ration musculaire.<\/p><p><img decoding=\"async\" class=\"emoji\" role=\"img\" draggable=\"false\" src=\"https:\/\/s.w.org\/images\/core\/emoji\/14.0.0\/svg\/2705.svg\" alt=\"\u2705\" \/> <strong>1 Heure de Coaching Sportif \/jours:<\/strong> <br \/>D\u00e9butez votre journ\u00e9e avec \u00e9nergie : r\u00e9veillez vos muscles et \u00e9tirez-vous vers le succ\u00e8s avec votre coach sportif.<\/p><p><img decoding=\"async\" class=\"emoji\" role=\"img\" draggable=\"false\" src=\"https:\/\/s.w.org\/images\/core\/emoji\/14.0.0\/svg\/2705.svg\" alt=\"\u2705\" \/>\u00a01<strong>\u00a0Heure de Coaching Mental \/jours<\/strong><strong>:<\/strong>\u00a0<br \/>La concentration, la r\u00e9silience et la performance sous pression. Gestion du stress et pr\u00e9paration mentale sp\u00e9cifiques afin de jouer votre \u00ab\u00a0A GAME\u00a0\u00bb<\/p><p><img decoding=\"async\" class=\"emoji\" role=\"img\" draggable=\"false\" src=\"https:\/\/s.w.org\/images\/core\/emoji\/14.0.0\/svg\/2705.svg\" alt=\"\u2705\" \/>\u00a01<strong> Heure de Coaching Technique \/jours<\/strong><\/p><p><img decoding=\"async\" class=\"emoji\" role=\"img\" draggable=\"false\" src=\"https:\/\/s.w.org\/images\/core\/emoji\/14.0.0\/svg\/2705.svg\" alt=\"\u2705\" \/> <strong>Services de Transport Priv\u00e9 (ALLER\/RETOUR):<\/strong>\u00a0<br \/>Transport priv\u00e9 par jour pour un d\u00e9placement facile et confortable vers le casino et la villa.<\/p><p><strong>\u274c Priorit\u00e9 de R\u00e9servation pour les Villas et les Services:<\/strong> <br \/>Profitez d&rsquo;un acc\u00e8s prioritaire \u00e0 nos r\u00e9servations.<\/p><p><strong>\u274c Offres et Promotions Exclusives pour nos Membres:<\/strong> Acc\u00e9dez \u00e0 des offres sp\u00e9ciales et promotions uniquement r\u00e9serv\u00e9es \u00e0 nos membres.<\/p><p><strong>\u274c Flexibilit\u00e9 Accrue pour les R\u00e9servations et les Annulations:<\/strong> B\u00e9n\u00e9ficiez d&rsquo;une plus grande flexibilit\u00e9 pour g\u00e9rer vos r\u00e9servations et annulations;<\/p>\t\t\t\t\t\t\t\t<\/div>\n\t\t\t\t<\/div>\n\t\t\t\t<div class=\"elementor-element elementor-element-37e64611 elementor-widget elementor-widget-heading\" data-id=\"37e64611\" data-element_type=\"widget\" data-e-type=\"widget\" data-widget_type=\"heading.default\">\n\t\t\t\t<div class=\"elementor-widget-container\">\n\t\t\t\t\t<h3 class=\"elementor-heading-title elementor-size-default\">150\u20ac \/ Nuits <\/h3>\t\t\t\t<\/div>\n\t\t\t\t<\/div>\n\t\t\t\t<div class=\"elementor-element elementor-element-c41b52e elementor-widget elementor-widget-button\" data-id=\"c41b52e\" data-element_type=\"widget\" data-e-type=\"widget\" data-widget_type=\"button.default\">\n\t\t\t\t<div class=\"elementor-widget-container\">\n\t\t\t\t\t\t\t\t\t<div class=\"elementor-button-wrapper\">\n\t\t\t\t\t<a class=\"elementor-button elementor-button-link elementor-size-sm\" href=\"https:\/\/blissful-nobel.212-227-197-249.plesk.page\/index.php\/events\/\">\n\t\t\t\t\t\t<span class=\"elementor-button-content-wrapper\">\n\t\t\t\t\t\t<span class=\"elementor-button-icon\">\n\t\t\t\t<svg aria-hidden=\"true\" class=\"e-font-icon-svg e-fas-angle-right\" viewBox=\"0 0 256 512\" xmlns=\"http:\/\/www.w3.org\/2000\/svg\"><path d=\"M224.3 273l-136 136c-9.4 9.4-24.6 9.4-33.9 0l-22.6-22.6c-9.4-9.4-9.4-24.6 0-33.9l96.4-96.4-96.4-96.4c-9.4-9.4-9.4-24.6 0-33.9L54.3 103c9.4-9.4 24.6-9.4 33.9 0l136 136c9.5 9.4 9.5 24.6.1 34z\"><\/path><\/svg>\t\t\t<\/span>\n\t\t\t\t\t\t\t\t\t<span class=\"elementor-button-text\">Nos futurs \u00e9v\u00e9nements <\/span>\n\t\t\t\t\t<\/span>\n\t\t\t\t\t<\/a>\n\t\t\t\t<\/div>\n\t\t\t\t\t\t\t\t<\/div>\n\t\t\t\t<\/div>\n\t\t\t\t<\/div>\n\t\t<div class=\"elementor-element elementor-element-4f688e7b e-con-full e-flex e-con e-child\" data-id=\"4f688e7b\" data-element_type=\"container\" data-e-type=\"container\" id=\"vip\" data-settings=\"{&quot;background_background&quot;:&quot;classic&quot;}\">\n\t\t\t\t<div class=\"elementor-element elementor-element-78f183fa elementor-widget elementor-widget-heading\" data-id=\"78f183fa\" data-element_type=\"widget\" data-e-type=\"widget\" data-widget_type=\"heading.default\">\n\t\t\t\t<div class=\"elementor-widget-container\">\n\t\t\t\t\t<h3 class=\"elementor-heading-title elementor-size-default\">MEMBRE : VIP PACK<\/h3>\t\t\t\t<\/div>\n\t\t\t\t<\/div>\n\t\t\t\t<div class=\"elementor-element elementor-element-3459b34d elementor-widget elementor-widget-heading\" data-id=\"3459b34d\" data-element_type=\"widget\" data-e-type=\"widget\" data-widget_type=\"heading.default\">\n\t\t\t\t<div class=\"elementor-widget-container\">\n\t\t\t\t\t<h6 class=\"elementor-heading-title elementor-size-default\">Pour ceux qui cherchent \u00e0 maximiser leur exp\u00e9rience et b\u00e9n\u00e9ficier de tarifs pr\u00e9f\u00e9rentiels.  Elle inclut: <\/h6>\t\t\t\t<\/div>\n\t\t\t\t<\/div>\n\t\t\t\t<div class=\"elementor-element elementor-element-4c9f3f14 elementor-widget elementor-widget-text-editor\" data-id=\"4c9f3f14\" data-element_type=\"widget\" data-e-type=\"widget\" data-widget_type=\"text-editor.default\">\n\t\t\t\t<div class=\"elementor-widget-container\">\n\t\t\t\t\t\t\t\t\t<p><img decoding=\"async\" class=\"emoji\" role=\"img\" draggable=\"false\" src=\"https:\/\/s.w.org\/images\/core\/emoji\/14.0.0\/svg\/2705.svg\" alt=\"\u2705\" \/><strong> H\u00e9bergement dans nos Villas :<\/strong>\u00a0<br \/>Salle de sport, piscine, et billard.<\/p><p><img decoding=\"async\" class=\"emoji\" role=\"img\" draggable=\"false\" src=\"https:\/\/s.w.org\/images\/core\/emoji\/14.0.0\/svg\/2705.svg\" alt=\"\u2705\" \/> <strong>Petit D\u00e9jeuner Quotidien:<\/strong>\u00a0<br \/>petit d\u00e9jeuner \u00e9quilibr\u00e9 et sain, con\u00e7u par un expert en nutrition.<\/p><p><img decoding=\"async\" class=\"emoji\" role=\"img\" draggable=\"false\" src=\"https:\/\/s.w.org\/images\/core\/emoji\/14.0.0\/svg\/2705.svg\" alt=\"\u2705\" \/> <strong>1 s\u00e9ance de Massage pour la Relaxation et la R\u00e9cup\u00e9ration Musculaire:<\/strong><br \/>Massages professionnels, parfaits pour une relaxation compl\u00e8te et une r\u00e9cup\u00e9ration musculaire.<\/p><p><img decoding=\"async\" class=\"emoji\" role=\"img\" draggable=\"false\" src=\"https:\/\/s.w.org\/images\/core\/emoji\/14.0.0\/svg\/2705.svg\" alt=\"\u2705\" \/> <strong>1 Heure de Coaching Sportif \/jours:<\/strong> <br \/>D\u00e9butez votre journ\u00e9e avec \u00e9nergie : r\u00e9veillez vos muscles et \u00e9tirez-vous vers le succ\u00e8s avec votre coach sportif.<\/p><p><img decoding=\"async\" class=\"emoji\" role=\"img\" draggable=\"false\" src=\"https:\/\/s.w.org\/images\/core\/emoji\/14.0.0\/svg\/2705.svg\" alt=\"\u2705\" \/>\u00a01<strong>\u00a0Heure de Coaching Mental \/jours<\/strong><strong>:<\/strong>\u00a0<br \/>La concentration, la r\u00e9silience et la performance sous pression. Gestion du stress et pr\u00e9paration mentale sp\u00e9cifiques afin de jouer votre \u00ab\u00a0A GAME\u00a0\u00bb<\/p><p><img decoding=\"async\" class=\"emoji\" role=\"img\" draggable=\"false\" src=\"https:\/\/s.w.org\/images\/core\/emoji\/14.0.0\/svg\/2705.svg\" alt=\"\u2705\" \/>\u00a01<strong> Heure de Coaching Technique \/jours<\/strong><\/p><p><img decoding=\"async\" class=\"emoji\" role=\"img\" draggable=\"false\" src=\"https:\/\/s.w.org\/images\/core\/emoji\/14.0.0\/svg\/2705.svg\" alt=\"\u2705\" \/> <strong>Services de Transport Priv\u00e9 (ALLER\/RETOUR):<\/strong>\u00a0<br \/>Transport priv\u00e9 par jour pour un d\u00e9placement facile et confortable vers le casino et la villa.<\/p><p><img decoding=\"async\" class=\"emoji\" role=\"img\" draggable=\"false\" src=\"https:\/\/s.w.org\/images\/core\/emoji\/14.0.0\/svg\/2705.svg\" alt=\"\u2705\" \/> <strong>Priorit\u00e9 de R\u00e9servation pour les Villas et les Services:<\/strong> <br \/>Profitez d&rsquo;un acc\u00e8s prioritaire \u00e0 nos r\u00e9servations.<\/p><p><img decoding=\"async\" class=\"emoji\" role=\"img\" draggable=\"false\" src=\"https:\/\/s.w.org\/images\/core\/emoji\/14.0.0\/svg\/2705.svg\" alt=\"\u2705\" \/>\u00a0<strong>Offres et Promotions Exclusives pour nos Membres:<\/strong> Acc\u00e9dez \u00e0 des offres sp\u00e9ciales et promotions uniquement r\u00e9serv\u00e9es \u00e0 nos membres.<\/p><p><img decoding=\"async\" class=\"emoji\" role=\"img\" draggable=\"false\" src=\"https:\/\/s.w.org\/images\/core\/emoji\/14.0.0\/svg\/2705.svg\" alt=\"\u2705\" \/> <strong>Flexibilit\u00e9 Accrue pour les R\u00e9servations et les Annulations:<\/strong> B\u00e9n\u00e9ficiez d&rsquo;une plus grande flexibilit\u00e9 pour g\u00e9rer vos r\u00e9servations et annulations;<\/p>\t\t\t\t\t\t\t\t<\/div>\n\t\t\t\t<\/div>\n\t\t\t\t<div class=\"elementor-element elementor-element-4e5b449f elementor-widget elementor-widget-heading\" data-id=\"4e5b449f\" data-element_type=\"widget\" data-e-type=\"widget\" data-widget_type=\"heading.default\">\n\t\t\t\t<div class=\"elementor-widget-container\">\n\t\t\t\t\t<h3 class=\"elementor-heading-title elementor-size-default\">179\u20ac \/ Nuits <\/h3>\t\t\t\t<\/div>\n\t\t\t\t<\/div>\n\t\t\t\t<div class=\"elementor-element elementor-element-16cc364 elementor-widget elementor-widget-button\" data-id=\"16cc364\" data-element_type=\"widget\" data-e-type=\"widget\" data-widget_type=\"button.default\">\n\t\t\t\t<div class=\"elementor-widget-container\">\n\t\t\t\t\t\t\t\t\t<div class=\"elementor-button-wrapper\">\n\t\t\t\t\t<a class=\"elementor-button elementor-button-link elementor-size-sm\" href=\"https:\/\/blissful-nobel.212-227-197-249.plesk.page\/index.php\/events\/\">\n\t\t\t\t\t\t<span class=\"elementor-button-content-wrapper\">\n\t\t\t\t\t\t<span class=\"elementor-button-icon\">\n\t\t\t\t<svg aria-hidden=\"true\" class=\"e-font-icon-svg e-fas-angle-right\" viewBox=\"0 0 256 512\" xmlns=\"http:\/\/www.w3.org\/2000\/svg\"><path d=\"M224.3 273l-136 136c-9.4 9.4-24.6 9.4-33.9 0l-22.6-22.6c-9.4-9.4-9.4-24.6 0-33.9l96.4-96.4-96.4-96.4c-9.4-9.4-9.4-24.6 0-33.9L54.3 103c9.4-9.4 24.6-9.4 33.9 0l136 136c9.5 9.4 9.5 24.6.1 34z\"><\/path><\/svg>\t\t\t<\/span>\n\t\t\t\t\t\t\t\t\t<span class=\"elementor-button-text\">Nos futurs \u00e9v\u00e9nements <\/span>\n\t\t\t\t\t<\/span>\n\t\t\t\t\t<\/a>\n\t\t\t\t<\/div>\n\t\t\t\t\t\t\t\t<\/div>\n\t\t\t\t<\/div>\n\t\t\t\t<\/div>\n\t\t\t\t<\/div>\n\t\t\t\t<\/div>\n\t\t\t\t\t<\/div>\n\t\t\t\t<\/div>\n\t\t<div class=\"elementor-element elementor-element-9804b63 e-flex e-con-boxed e-con e-parent\" data-id=\"9804b63\" data-element_type=\"container\" data-e-type=\"container\">\n\t\t\t\t\t<div class=\"e-con-inner\">\n\t\t\t\t<div class=\"elementor-element elementor-element-c770ce0 elementor-widget-divider--view-line elementor-widget elementor-widget-divider\" data-id=\"c770ce0\" data-element_type=\"widget\" data-e-type=\"widget\" data-widget_type=\"divider.default\">\n\t\t\t\t<div class=\"elementor-widget-container\">\n\t\t\t\t\t\t\t<div class=\"elementor-divider\">\n\t\t\t<span class=\"elementor-divider-separator\">\n\t\t\t\t\t\t<\/span>\n\t\t<\/div>\n\t\t\t\t\t\t<\/div>\n\t\t\t\t<\/div>\n\t\t\t\t<div class=\"elementor-element elementor-element-af6e13f elementor-widget elementor-widget-heading\" data-id=\"af6e13f\" data-element_type=\"widget\" data-e-type=\"widget\" data-widget_type=\"heading.default\">\n\t\t\t\t<div class=\"elementor-widget-container\">\n\t\t\t\t\t<h2 class=\"elementor-heading-title elementor-size-default\">Disclaimer : Participation Volontaire<\/h2>\t\t\t\t<\/div>\n\t\t\t\t<\/div>\n\t\t\t\t<div class=\"elementor-element elementor-element-6dd77a9 elementor-widget elementor-widget-text-editor\" data-id=\"6dd77a9\" data-element_type=\"widget\" data-e-type=\"widget\" data-widget_type=\"text-editor.default\">\n\t\t\t\t<div class=\"elementor-widget-container\">\n\t\t\t\t\t\t\t\t\t<p>Chez <strong>PRO EXPERIENCE<\/strong>, votre confort et votre choix sont primordiaux. <strong>Aucune pr\u00e9sence n&rsquo;est obligatoire<\/strong> \u2013 vous \u00eates libre de vous impliquer \u00e0 votre guise. <br \/>Notre \u00e9quipe est toujours disponible pour vous assister et \u00e0 l&rsquo;\u00e9coute de vos besoins et limites.<\/p>\t\t\t\t\t\t\t\t<\/div>\n\t\t\t\t<\/div>\n\t\t\t\t\t<\/div>\n\t\t\t\t<\/div>\n\t\t\t\t<\/div>\n\t\t","protected":false},"excerpt":{"rendered":"<p>Starter PACK VIP PACK Nos Offres Nous proposons deux offres distinctes chez PRO EXP\u00c9RIENCE, garantissant plus de flexibilit\u00e9 pour r\u00e9pondre au mieux \u00e0 vos besoins sp\u00e9cifiques. STARTER PACK L&rsquo;offre standard est parfaite pour ceux qui recherchent une exp\u00e9rience professionnelle. Elle inclut : H\u00e9bergement dans nos Villas :\u00a0Salle de sport, piscine, et billard. Petit D\u00e9jeuner Quotidien:\u00a0petit [&hellip;]<\/p>\n","protected":false},"author":1,"featured_media":0,"parent":0,"menu_order":0,"comment_status":"closed","ping_status":"closed","template":"","meta":{"footnotes":""},"class_list":["post-982","page","type-page","status-publish","hentry"],"_links":{"self":[{"href":"https:\/\/blissful-nobel.212-227-197-249.plesk.page\/index.php\/wp-json\/wp\/v2\/pages\/982","targetHints":{"allow":["GET"]}}],"collection":[{"href":"https:\/\/blissful-nobel.212-227-197-249.plesk.page\/index.php\/wp-json\/wp\/v2\/pages"}],"about":[{"href":"https:\/\/blissful-nobel.212-227-197-249.plesk.page\/index.php\/wp-json\/wp\/v2\/types\/page"}],"author":[{"embeddable":true,"href":"https:\/\/blissful-nobel.212-227-197-249.plesk.page\/index.php\/wp-json\/wp\/v2\/users\/1"}],"replies":[{"embeddable":true,"href":"https:\/\/blissful-nobel.212-227-197-249.plesk.page\/index.php\/wp-json\/wp\/v2\/comments?post=982"}],"version-history":[{"count":280,"href":"https:\/\/blissful-nobel.212-227-197-249.plesk.page\/index.php\/wp-json\/wp\/v2\/pages\/982\/revisions"}],"predecessor-version":[{"id":2056,"href":"https:\/\/blissful-nobel.212-227-197-249.plesk.page\/index.php\/wp-json\/wp\/v2\/pages\/982\/revisions\/2056"}],"wp:attachment":[{"href":"https:\/\/blissful-nobel.212-227-197-249.plesk.page\/index.php\/wp-json\/wp\/v2\/media?parent=982"}],"curies":[{"name":"wp","href":"https:\/\/api.w.org\/{rel}","templated":true}]}}