{"id":1386,"date":"2023-12-21T19:16:44","date_gmt":"2023-12-21T19:16:44","guid":{"rendered":"https:\/\/blissful-nobel.212-227-197-249.plesk.page\/?post_type=product&#038;p=1386"},"modified":"2023-12-21T22:17:08","modified_gmt":"2023-12-21T22:17:08","slug":"events-2","status":"publish","type":"product","link":"https:\/\/blissful-nobel.212-227-197-249.plesk.page\/index.php\/produit\/events-2\/","title":{"rendered":"EVENTS 2"},"content":{"rendered":"<p><strong><em>Du 10\/12\/2023 au 16\/12\/2023 (6nuits)<\/em><\/strong><\/p>\n<p>LA PRO EXPERIENCE:<\/p>\n<ul>\n<li><strong>H\u00e9bergement dans nos Villas de Luxe<\/strong> : Acc\u00e8s \u00e0 des installations premium incluant salle de sport, piscine, jacuzzi, et billard.<\/li>\n<li><strong>6 Petits D\u00e9jeuner Quotidien par un Nutritionniste<\/strong> : Petits d\u00e9jeuners \u00e9quilibr\u00e9s et sains, \u00e9labor\u00e9s par un expert en nutrition.<\/li>\n<li><strong>6 Heures de Coaching Sportif par Jour<\/strong> : Sessions personnalis\u00e9es pour am\u00e9liorer votre condition physique.<\/li>\n<li><strong>6 Heures de Coaching Mental par Jour<\/strong> : Entra\u00eenement mental pour renforcer concentration et r\u00e9silience, essentiels pour le poker.<\/li>\n<li><strong>6 Services de Transports Priv\u00e9 (Aller)<\/strong> : Transport priv\u00e9 quotidien vers le casino pour un confort optimal.<\/li>\n<li><strong>Une S\u00e9ance de Massage pour Relaxation et R\u00e9cup\u00e9ration Musculaire<\/strong> : Massages professionnels pour une d\u00e9tente compl\u00e8te.<\/li>\n<\/ul>\n","protected":false},"excerpt":{"rendered":"<p>Du 10\/12\/2023 au 16\/12\/2023 (6nuits) LA PRO EXPERIENCE: H\u00e9bergement dans nos Villas de Luxe : Acc\u00e8s \u00e0 des installations premium incluant salle de sport, piscine, jacuzzi, et billard. 6 Petits D\u00e9jeuner Quotidien par un Nutritionniste : Petits d\u00e9jeuners \u00e9quilibr\u00e9s et sains, \u00e9labor\u00e9s par un expert en nutrition. 6 Heures de Coaching Sportif par Jour : [&hellip;]<\/p>\n","protected":false},"featured_media":1587,"comment_status":"open","ping_status":"closed","template":"","meta":[],"product_cat":[21],"product_tag":[],"class_list":{"0":"post-1386","1":"product","2":"type-product","3":"status-publish","4":"has-post-thumbnail","6":"product_cat-non-classe","8":"first","9":"instock","10":"shipping-taxable","11":"purchasable","12":"product-type-variable","13":"has-default-attributes"},"_links":{"self":[{"href":"https:\/\/blissful-nobel.212-227-197-249.plesk.page\/index.php\/wp-json\/wp\/v2\/product\/1386","targetHints":{"allow":["GET"]}}],"collection":[{"href":"https:\/\/blissful-nobel.212-227-197-249.plesk.page\/index.php\/wp-json\/wp\/v2\/product"}],"about":[{"href":"https:\/\/blissful-nobel.212-227-197-249.plesk.page\/index.php\/wp-json\/wp\/v2\/types\/product"}],"replies":[{"embeddable":true,"href":"https:\/\/blissful-nobel.212-227-197-249.plesk.page\/index.php\/wp-json\/wp\/v2\/comments?post=1386"}],"wp:featuredmedia":[{"embeddable":true,"href":"https:\/\/blissful-nobel.212-227-197-249.plesk.page\/index.php\/wp-json\/wp\/v2\/media\/1587"}],"wp:attachment":[{"href":"https:\/\/blissful-nobel.212-227-197-249.plesk.page\/index.php\/wp-json\/wp\/v2\/media?parent=1386"}],"wp:term":[{"taxonomy":"product_cat","embeddable":true,"href":"https:\/\/blissful-nobel.212-227-197-249.plesk.page\/index.php\/wp-json\/wp\/v2\/product_cat?post=1386"},{"taxonomy":"product_tag","embeddable":true,"href":"https:\/\/blissful-nobel.212-227-197-249.plesk.page\/index.php\/wp-json\/wp\/v2\/product_tag?post=1386"}],"curies":[{"name":"wp","href":"https:\/\/api.w.org\/{rel}","templated":true}]}}